{"id":76461,"date":"2025-12-19T00:22:09","date_gmt":"2025-12-18T21:22:09","guid":{"rendered":"https:\/\/www.sekerciler.net\/?post_type=product&#038;p=76461"},"modified":"2025-12-19T17:07:37","modified_gmt":"2025-12-19T14:07:37","slug":"ananas-meyveli-ve-aromali-icecek-2","status":"publish","type":"product","link":"https:\/\/www.sekerciler.net\/?product=ananas-meyveli-ve-aromali-icecek-2","title":{"rendered":"Ananas Meyveli ve Aromal\u0131 \u0130\u00e7ecek"},"content":{"rendered":"<p><span class=\"trx_addons_accent_bg\"><strong>Saklama Ko\u015fullar\u0131<\/strong>:<\/span> \u00dcr\u00fcn g\u00fcne\u015f \u0131\u015f\u0131\u011f\u0131ndan uzak, serin yerde muhafaza edilmelidir.<\/p>\n","protected":false},"excerpt":{"rendered":"<p><strong>\u0130\u00e7meye haz\u0131r.<\/strong><\/p>\n<p><span class=\"trx_addons_accent_bg\"><strong>\u0130\u00e7indekiler<\/strong>:<\/span> Su, \u015eeker, <span class=\"trx_addons_tooltip\" data-tooltip-text=\"E330\">Sitrik Asit<\/span>, Ananas Em\u00fclsiyonu, Ananas Suyu Konsantresi, Do\u011fal Ananas Aromas\u0131, <span class=\"trx_addons_tooltip\" data-tooltip-text=\"E331\">Trisodyum Sitrat<\/span>, <span class=\"trx_addons_tooltip\" data-tooltip-text=\"E211\">Sodyum Benzoat<\/span>, <span class=\"trx_addons_tooltip\" data-tooltip-text=\"E202\">Potasyum Sorbat,<\/span> Aspir \u00c7i\u00e7e\u011fi.<\/p>\n","protected":false},"featured_media":76462,"comment_status":"open","ping_status":"closed","template":"","meta":[],"product_brand":[510],"product_cat":[288],"product_tag":[427,513,318],"class_list":{"0":"post-76461","1":"product","2":"type-product","3":"status-publish","4":"has-post-thumbnail","6":"product_brand-cool-time","7":"product_cat-meyve-suyu","8":"product_tag-ananas","9":"product_tag-ananas-suyu","10":"product_tag-meyve-suyu","12":"first","13":"instock","14":"shipping-taxable","15":"product-type-simple"},"_links":{"self":[{"href":"https:\/\/www.sekerciler.net\/index.php?rest_route=\/wp\/v2\/product\/76461","targetHints":{"allow":["GET"]}}],"collection":[{"href":"https:\/\/www.sekerciler.net\/index.php?rest_route=\/wp\/v2\/product"}],"about":[{"href":"https:\/\/www.sekerciler.net\/index.php?rest_route=\/wp\/v2\/types\/product"}],"replies":[{"embeddable":true,"href":"https:\/\/www.sekerciler.net\/index.php?rest_route=%2Fwp%2Fv2%2Fcomments&post=76461"}],"wp:featuredmedia":[{"embeddable":true,"href":"https:\/\/www.sekerciler.net\/index.php?rest_route=\/wp\/v2\/media\/76462"}],"wp:attachment":[{"href":"https:\/\/www.sekerciler.net\/index.php?rest_route=%2Fwp%2Fv2%2Fmedia&parent=76461"}],"wp:term":[{"taxonomy":"product_brand","embeddable":true,"href":"https:\/\/www.sekerciler.net\/index.php?rest_route=%2Fwp%2Fv2%2Fproduct_brand&post=76461"},{"taxonomy":"product_cat","embeddable":true,"href":"https:\/\/www.sekerciler.net\/index.php?rest_route=%2Fwp%2Fv2%2Fproduct_cat&post=76461"},{"taxonomy":"product_tag","embeddable":true,"href":"https:\/\/www.sekerciler.net\/index.php?rest_route=%2Fwp%2Fv2%2Fproduct_tag&post=76461"}],"curies":[{"name":"wp","href":"https:\/\/api.w.org\/{rel}","templated":true}]}}