{"id":76213,"date":"2025-08-27T17:31:25","date_gmt":"2025-08-27T14:31:25","guid":{"rendered":"https:\/\/www.sekerciler.net\/?post_type=product&#038;p=76213"},"modified":"2025-08-27T17:31:59","modified_gmt":"2025-08-27T14:31:59","slug":"portakal-sekerlemesi","status":"publish","type":"product","link":"https:\/\/www.sekerciler.net\/?product=portakal-sekerlemesi","title":{"rendered":"Portakal \u015eekerlemesi"},"content":{"rendered":"<p><span class=\"trx_addons_accent_bg\"><strong>Saklama Ko\u015fullar\u0131<\/strong>:<\/span> Serin ve g\u00fcne\u015f g\u00f6rmeyen yerde muhafaza edilmelidir.<\/p>\n<p>Men\u015fei T\u00dcRK\u0130YE<\/p>\n<figure class=\"wp-block-table\">\n<table class=\"has-fixed-layout\">\n<tbody>\n<tr>\n<th style=\"text-align: center;\">KES\u0130M EBATLARI<\/th>\n<\/tr>\n<tr>\n<td style=\"text-align: center;\">1&#215;3 mm<\/td>\n<\/tr>\n<tr>\n<td style=\"text-align: center;\">2&#215;4 mm<\/td>\n<\/tr>\n<tr>\n<td style=\"text-align: center;\">3&#215;5 mm<\/td>\n<\/tr>\n<tr>\n<td style=\"text-align: center;\">6&#215;6 mm<\/td>\n<\/tr>\n<tr>\n<td style=\"text-align: center;\">6&#215;8 mm<\/td>\n<\/tr>\n<tr>\n<td style=\"text-align: center;\">8&#215;10 mm<\/td>\n<\/tr>\n<tr>\n<td style=\"text-align: center;\">10&#215;10 mm<\/td>\n<\/tr>\n<\/tbody>\n<\/table>\n<\/figure>\n<p>*Meyve cinsine g\u00f6re kesme ebat\u0131 de\u011fi\u015fiklik g\u00f6sterebilir.<\/p>\n","protected":false},"excerpt":{"rendered":"<p><strong>Bireysel ve end\u00fcstriyel t\u00fcketim i\u00e7in, %100 do\u011fal ve katk\u0131s\u0131z kuru meyve \u015fekerlemeleri.<\/strong><\/p>\n<p><span class=\"trx_addons_accent_bg\"><strong>\u0130\u00e7indekiler<\/strong>:<\/span> Portakal Kabu\u011fu, Ni\u015fasta, E202 (Potasyum Sorbat), Sitrik Asit, Pirin\u00e7 Unu ve Pudra \u015eekeri.<\/p>\n","protected":false},"featured_media":76192,"comment_status":"open","ping_status":"closed","template":"","meta":[],"product_brand":[308],"product_cat":[291],"product_tag":[472,475,326,357],"class_list":{"0":"post-76213","1":"product","2":"type-product","3":"status-publish","4":"has-post-thumbnail","6":"product_brand-sekerciler","7":"product_cat-kuru-meyve-sekerlemesi","8":"product_tag-kuru-meyve","9":"product_tag-meyve-sekerlemesi","10":"product_tag-portakal","11":"product_tag-portakal-kabugu","13":"first","14":"instock","15":"shipping-taxable","16":"product-type-simple"},"_links":{"self":[{"href":"https:\/\/www.sekerciler.net\/index.php?rest_route=\/wp\/v2\/product\/76213","targetHints":{"allow":["GET"]}}],"collection":[{"href":"https:\/\/www.sekerciler.net\/index.php?rest_route=\/wp\/v2\/product"}],"about":[{"href":"https:\/\/www.sekerciler.net\/index.php?rest_route=\/wp\/v2\/types\/product"}],"replies":[{"embeddable":true,"href":"https:\/\/www.sekerciler.net\/index.php?rest_route=%2Fwp%2Fv2%2Fcomments&post=76213"}],"wp:featuredmedia":[{"embeddable":true,"href":"https:\/\/www.sekerciler.net\/index.php?rest_route=\/wp\/v2\/media\/76192"}],"wp:attachment":[{"href":"https:\/\/www.sekerciler.net\/index.php?rest_route=%2Fwp%2Fv2%2Fmedia&parent=76213"}],"wp:term":[{"taxonomy":"product_brand","embeddable":true,"href":"https:\/\/www.sekerciler.net\/index.php?rest_route=%2Fwp%2Fv2%2Fproduct_brand&post=76213"},{"taxonomy":"product_cat","embeddable":true,"href":"https:\/\/www.sekerciler.net\/index.php?rest_route=%2Fwp%2Fv2%2Fproduct_cat&post=76213"},{"taxonomy":"product_tag","embeddable":true,"href":"https:\/\/www.sekerciler.net\/index.php?rest_route=%2Fwp%2Fv2%2Fproduct_tag&post=76213"}],"curies":[{"name":"wp","href":"https:\/\/api.w.org\/{rel}","templated":true}]}}