{"id":75540,"date":"2025-08-26T00:15:10","date_gmt":"2025-08-25T21:15:10","guid":{"rendered":"https:\/\/www.sekerciler.net\/?post_type=product&#038;p=75540"},"modified":"2025-09-29T12:37:06","modified_gmt":"2025-09-29T09:37:06","slug":"honeymoon-mor-reyhan-cayi","status":"publish","type":"product","link":"https:\/\/www.sekerciler.net\/?product=honeymoon-mor-reyhan-cayi","title":{"rendered":"Mor Reyhan \u00c7ay\u0131"},"content":{"rendered":"<p><span class=\"trx_addons_accent_bg\"><strong>Saklama Ko\u015fullar\u0131<\/strong>:<\/span> Oda s\u0131cakl\u0131\u011f\u0131nda serin bir yerde saklay\u0131n.<\/p>\n<p><strong><span class=\"trx_addons_accent_bg\">Kullan\u0131m \u00d6nerisi:<\/span><\/strong> Her fincan i\u00e7in 1 filtre po\u015fet Honeymoon Reyhan \u00c7ay\u0131n\u0131 demli\u011finize veya fincan\u0131n\u0131za koyun, kaynam\u0131\u015f su ekleyin ve 5 dakika demleyin. Dilerseniz limon da ekleyebilirsiniz.<\/p>\n<p>.30 filtre po\u015fet x 1,75 gr = 52,5 gr<\/p>\n<p><strong>U.S. FDA registration NO:<\/strong> 12299971818<\/p>\n<p>Men\u015fei T\u00dcRK\u0130YE<\/p>\n","protected":false},"excerpt":{"rendered":"<p><strong>Zay\u0131flamak isteyenler i\u00e7in destekliyici bir \u00fcr\u00fcn.<\/strong><\/p>\n<p><span class=\"trx_addons_accent_bg\"><strong>\u0130\u00e7indekiler<\/strong>:<\/span> Mor Reyhan, Sitrik Asit, Sinemaki, Tar\u00e7\u0131n, Ac\u0131 \u00c7ehre, Hibiskus.<\/p>\n","protected":false},"featured_media":75541,"comment_status":"open","ping_status":"closed","template":"","meta":[],"product_brand":[307],"product_cat":[304],"product_tag":[338,433,417,429,413,339,366,329,432,331,434,416],"class_list":{"0":"post-75540","1":"product","2":"type-product","3":"status-publish","4":"has-post-thumbnail","6":"product_brand-honeymoon","7":"product_cat-takviye-gida","8":"product_tag-bitki-cayi","9":"product_tag-cay","10":"product_tag-energy","11":"product_tag-energy-drink","12":"product_tag-enerji","13":"product_tag-herbal-tea","14":"product_tag-icecek-tozu","15":"product_tag-mor-reyhan","16":"product_tag-purple-basil","17":"product_tag-reyhan","18":"product_tag-tea","19":"product_tag-toz-icecek","21":"first","22":"instock","23":"shipping-taxable","24":"product-type-simple"},"_links":{"self":[{"href":"https:\/\/www.sekerciler.net\/index.php?rest_route=\/wp\/v2\/product\/75540","targetHints":{"allow":["GET"]}}],"collection":[{"href":"https:\/\/www.sekerciler.net\/index.php?rest_route=\/wp\/v2\/product"}],"about":[{"href":"https:\/\/www.sekerciler.net\/index.php?rest_route=\/wp\/v2\/types\/product"}],"replies":[{"embeddable":true,"href":"https:\/\/www.sekerciler.net\/index.php?rest_route=%2Fwp%2Fv2%2Fcomments&post=75540"}],"wp:featuredmedia":[{"embeddable":true,"href":"https:\/\/www.sekerciler.net\/index.php?rest_route=\/wp\/v2\/media\/75541"}],"wp:attachment":[{"href":"https:\/\/www.sekerciler.net\/index.php?rest_route=%2Fwp%2Fv2%2Fmedia&parent=75540"}],"wp:term":[{"taxonomy":"product_brand","embeddable":true,"href":"https:\/\/www.sekerciler.net\/index.php?rest_route=%2Fwp%2Fv2%2Fproduct_brand&post=75540"},{"taxonomy":"product_cat","embeddable":true,"href":"https:\/\/www.sekerciler.net\/index.php?rest_route=%2Fwp%2Fv2%2Fproduct_cat&post=75540"},{"taxonomy":"product_tag","embeddable":true,"href":"https:\/\/www.sekerciler.net\/index.php?rest_route=%2Fwp%2Fv2%2Fproduct_tag&post=75540"}],"curies":[{"name":"wp","href":"https:\/\/api.w.org\/{rel}","templated":true}]}}