{"id":75531,"date":"2025-08-26T00:12:19","date_gmt":"2025-08-25T21:12:19","guid":{"rendered":"https:\/\/www.sekerciler.net\/?post_type=product&#038;p=75531"},"modified":"2025-08-29T08:50:19","modified_gmt":"2025-08-29T05:50:19","slug":"honeymoon-toz-enerji-icecegi-cilek","status":"publish","type":"product","link":"https:\/\/www.sekerciler.net\/?product=honeymoon-toz-enerji-icecegi-cilek","title":{"rendered":"Toz Enerji \u0130\u00e7ece\u011fi \u00c7ilek"},"content":{"rendered":"<p><span class=\"trx_addons_accent_bg\"><strong>Saklama Ko\u015fullar\u0131<\/strong>:<\/span> Serin ve 18-30 \u00b0C aras\u0131nda bir yerde saklay\u0131n\u0131z.<\/p>\n<p><strong><span class=\"trx_addons_accent_bg\">Kullan\u0131m \u00d6nerisi:<\/span><\/strong> Gerekti\u011finde kullan\u0131lmas\u0131 tavsiye edilir.<\/p>\n<p>15 gr<\/p>\n<p><strong>U.S. FDA registration NO:<\/strong> 12299971818<\/p>\n<p>Men\u015fei T\u00dcRK\u0130YE<\/p>\n<figure class=\"wp-block-table\">\n<table class=\"has-fixed-layout\">\n<tbody>\n<tr>\n<th style=\"text-align: center;\">ENERJ\u0130 ve BES\u0130N \u00d6\u011eELER\u0130<\/th>\n<th style=\"text-align: center;\">100 gr i\u00e7in<\/th>\n<\/tr>\n<tr>\n<td style=\"text-align: center;\">Enerji (kcal)<\/td>\n<td style=\"text-align: center;\">45<\/td>\n<\/tr>\n<tr>\n<td style=\"text-align: center;\">Karbonhidrat (gr)<\/td>\n<td style=\"text-align: center;\">11,3<\/td>\n<\/tr>\n<tr>\n<td style=\"text-align: center;\">Niasin (mg)<\/td>\n<td style=\"text-align: center;\">2<\/td>\n<\/tr>\n<tr>\n<td style=\"text-align: center;\">B6 Vitamini (mg)<\/td>\n<td style=\"text-align: center;\">2<\/td>\n<\/tr>\n<tr>\n<td style=\"text-align: center;\">B12 Vitamini (mg)<\/td>\n<td style=\"text-align: center;\">2<\/td>\n<\/tr>\n<tr>\n<td style=\"text-align: center;\">Pantotenik Asit (mg)<\/td>\n<td style=\"text-align: center;\">2<\/td>\n<\/tr>\n<\/tbody>\n<\/table>\n<\/figure>\n","protected":false},"excerpt":{"rendered":"<p><strong>Alan\u0131nda fark yaratan bir \u00fcr\u00fcn; toz enerji i\u00e7ece\u011fi.<\/strong><\/p>\n<p><span class=\"trx_addons_accent_bg\"><strong>\u0130\u00e7indekiler<\/strong>:<\/span> <span class=\"trx_addons_tooltip\" data-tooltip-text=\"%76,78\">\u015eeker<\/span>, <span class=\"trx_addons_tooltip\" data-tooltip-text=\"%5,5\">Sitrik Asit<\/span>, <span class=\"trx_addons_tooltip\" data-tooltip-text=\"%1,01\">Tartarik Asit<\/span>, <span class=\"trx_addons_tooltip\" data-tooltip-text=\"%2,53\">Askorbik Asit<\/span>, <span class=\"trx_addons_tooltip\" data-tooltip-text=\"%1,2\">Trisodyum Sitrat<\/span>, <span class=\"trx_addons_tooltip\" data-tooltip-text=\"%4,9\">Trikalsiyum Fosfat<\/span>, <span class=\"trx_addons_tooltip\" data-tooltip-text=\"%1,33\">Guar Gam<\/span>, <span class=\"trx_addons_tooltip\" data-tooltip-text=\"%3,4\">Vitamin<\/span>, <span class=\"trx_addons_tooltip\" data-tooltip-text=\"%1,5\">Bulan\u0131kla\u015ft\u0131r\u0131c\u0131<\/span>, <span class=\"trx_addons_tooltip\" data-tooltip-text=\"%1,1\">Aroma<\/span>, <span class=\"trx_addons_tooltip\" data-tooltip-text=\"%0,8\">Renklendirici<\/span>.<\/p>\n","protected":false},"featured_media":75532,"comment_status":"open","ping_status":"closed","template":"","meta":[],"product_brand":[307],"product_cat":[72],"product_tag":[335,417,429,413,366,430,416],"class_list":{"0":"post-75531","1":"product","2":"type-product","3":"status-publish","4":"has-post-thumbnail","6":"product_brand-honeymoon","7":"product_cat-toz-icecek","8":"product_tag-cilek","9":"product_tag-energy","10":"product_tag-energy-drink","11":"product_tag-enerji","12":"product_tag-icecek-tozu","13":"product_tag-strawberry","14":"product_tag-toz-icecek","16":"first","17":"instock","18":"shipping-taxable","19":"product-type-simple"},"_links":{"self":[{"href":"https:\/\/www.sekerciler.net\/index.php?rest_route=\/wp\/v2\/product\/75531","targetHints":{"allow":["GET"]}}],"collection":[{"href":"https:\/\/www.sekerciler.net\/index.php?rest_route=\/wp\/v2\/product"}],"about":[{"href":"https:\/\/www.sekerciler.net\/index.php?rest_route=\/wp\/v2\/types\/product"}],"replies":[{"embeddable":true,"href":"https:\/\/www.sekerciler.net\/index.php?rest_route=%2Fwp%2Fv2%2Fcomments&post=75531"}],"wp:featuredmedia":[{"embeddable":true,"href":"https:\/\/www.sekerciler.net\/index.php?rest_route=\/wp\/v2\/media\/75532"}],"wp:attachment":[{"href":"https:\/\/www.sekerciler.net\/index.php?rest_route=%2Fwp%2Fv2%2Fmedia&parent=75531"}],"wp:term":[{"taxonomy":"product_brand","embeddable":true,"href":"https:\/\/www.sekerciler.net\/index.php?rest_route=%2Fwp%2Fv2%2Fproduct_brand&post=75531"},{"taxonomy":"product_cat","embeddable":true,"href":"https:\/\/www.sekerciler.net\/index.php?rest_route=%2Fwp%2Fv2%2Fproduct_cat&post=75531"},{"taxonomy":"product_tag","embeddable":true,"href":"https:\/\/www.sekerciler.net\/index.php?rest_route=%2Fwp%2Fv2%2Fproduct_tag&post=75531"}],"curies":[{"name":"wp","href":"https:\/\/api.w.org\/{rel}","templated":true}]}}