{"id":75523,"date":"2025-08-26T00:05:46","date_gmt":"2025-08-25T21:05:46","guid":{"rendered":"https:\/\/www.sekerciler.net\/?post_type=product&#038;p=75523"},"modified":"2025-09-19T20:18:18","modified_gmt":"2025-09-19T17:18:18","slug":"honeymoon-form-kahve","status":"publish","type":"product","link":"https:\/\/www.sekerciler.net\/?product=honeymoon-form-kahve","title":{"rendered":"Form Kahve"},"content":{"rendered":"<p><span class=\"trx_addons_accent_bg\"><strong>Saklama Ko\u015fullar\u0131<\/strong>:<\/span> Oda s\u0131cakl\u0131\u011f\u0131nda serin bir yerde saklay\u0131n\u0131z.<\/p>\n<p><strong><span class=\"trx_addons_accent_bg\">Kullan\u0131m \u00d6nerisi:<\/span><\/strong> G\u00fcnde 1 fincan kullan\u0131lmas\u0131 tavsiye edilir. S\u0131cak suya bir paket kar\u0131\u015ft\u0131rarak t\u00fcketebilirsiniz. D\u00fczenli olarak bir ay boyunca i\u00e7meniz tavsiye edilir \u00e7\u00fcnk\u00fc ilk bir haftadan sonra tokluk hissi olu\u015fturmaya ba\u015flar.<\/p>\n<p>.30 sa\u015fe x 15 gr = 450 gr<\/p>\n<p><strong>U.S. FDA registration NO:<\/strong> 12299971818<\/p>\n<p>Men\u015fei T\u00dcRK\u0130YE<\/p>\n<figure class=\"wp-block-table\">\n<table class=\"has-fixed-layout\">\n<tbody>\n<tr>\n<th style=\"text-align: center;\">ENERJ\u0130 ve BES\u0130N \u00d6\u011eELER\u0130<\/th>\n<th style=\"text-align: center;\">100 gr i\u00e7in<\/th>\n<\/tr>\n<tr>\n<td style=\"text-align: center;\">Enerji (kcal)<\/td>\n<td style=\"text-align: center;\">339<\/td>\n<\/tr>\n<tr>\n<td style=\"text-align: center;\">Karbonhidrat (gr)<\/td>\n<td style=\"text-align: center;\">63<\/td>\n<\/tr>\n<tr>\n<td style=\"text-align: center;\">Lif (gr)<\/td>\n<td style=\"text-align: center;\">16<\/td>\n<\/tr>\n<tr>\n<td style=\"text-align: center;\">Protein (gr)<\/td>\n<td style=\"text-align: center;\">14<\/td>\n<\/tr>\n<tr>\n<td style=\"text-align: center;\">Ya\u011f (gr)<\/td>\n<td style=\"text-align: center;\">0,11<\/td>\n<\/tr>\n<tr>\n<td style=\"text-align: center;\">Tuz (gr)<\/td>\n<td style=\"text-align: center;\">0,12<\/td>\n<\/tr>\n<tr>\n<td style=\"text-align: center;\">\u015eeker (gr)<\/td>\n<td style=\"text-align: center;\">4<\/td>\n<\/tr>\n<tr>\n<td style=\"text-align: center;\">Kalsiyum (mg)<\/td>\n<td style=\"text-align: center;\">120<\/td>\n<\/tr>\n<tr>\n<td style=\"text-align: center;\">Demir (mg)<\/td>\n<td style=\"text-align: center;\">3<\/td>\n<\/tr>\n<\/tbody>\n<\/table>\n<\/figure>\n","protected":false},"excerpt":{"rendered":"<p><strong>Tokluk hissi olu\u015fturarak i\u015ftah\u0131 kesmeye yard\u0131mc\u0131 olur.<\/strong><\/p>\n<p><span class=\"trx_addons_accent_bg\"><strong>\u0130\u00e7indekiler<\/strong>:<\/span> \u015eeker, <span class=\"trx_addons_tooltip\" data-tooltip-text=\"%39,9\">Kahve Beyazlat\u0131c\u0131<\/span>, Glukoz \u015eurubu, <span class=\"trx_addons_tooltip\" data-tooltip-text=\"Hindistan Cevizi\">Hidrojenize Nebati Ya\u011f<\/span>, <span class=\"trx_addons_tooltip\" data-tooltip-text=\"Sodyum Polifosfat, Dipotasyum Fosfat\">Dengeleyici<\/span>, S\u00fct Proteini, Pipernigrum Ekstrat\u0131, Em\u00fclgat\u00f6r, <span class=\"trx_addons_tooltip\" data-tooltip-text=\"Slikon Dioksit\">Topaklanma \u00d6nleyici<\/span>, <span class=\"trx_addons_tooltip\" data-tooltip-text=\"%7.7\">Kahve<\/span>.<\/p>\n","protected":false},"featured_media":75524,"comment_status":"open","ping_status":"closed","template":"","meta":[],"product_brand":[307],"product_cat":[72],"product_tag":[418,415,423,421,422,420,424,414,416],"class_list":{"0":"post-75523","1":"product","2":"type-product","3":"status-publish","4":"has-post-thumbnail","6":"product_brand-honeymoon","7":"product_cat-toz-icecek","8":"product_tag-coffee","9":"product_tag-cozunebilir-kahve","10":"product_tag-diet-coffee","11":"product_tag-diyet","12":"product_tag-diyet-kahve","13":"product_tag-form","14":"product_tag-form-coffee","15":"product_tag-kahve","16":"product_tag-toz-icecek","18":"first","19":"instock","20":"shipping-taxable","21":"product-type-simple"},"_links":{"self":[{"href":"https:\/\/www.sekerciler.net\/index.php?rest_route=\/wp\/v2\/product\/75523","targetHints":{"allow":["GET"]}}],"collection":[{"href":"https:\/\/www.sekerciler.net\/index.php?rest_route=\/wp\/v2\/product"}],"about":[{"href":"https:\/\/www.sekerciler.net\/index.php?rest_route=\/wp\/v2\/types\/product"}],"replies":[{"embeddable":true,"href":"https:\/\/www.sekerciler.net\/index.php?rest_route=%2Fwp%2Fv2%2Fcomments&post=75523"}],"wp:featuredmedia":[{"embeddable":true,"href":"https:\/\/www.sekerciler.net\/index.php?rest_route=\/wp\/v2\/media\/75524"}],"wp:attachment":[{"href":"https:\/\/www.sekerciler.net\/index.php?rest_route=%2Fwp%2Fv2%2Fmedia&parent=75523"}],"wp:term":[{"taxonomy":"product_brand","embeddable":true,"href":"https:\/\/www.sekerciler.net\/index.php?rest_route=%2Fwp%2Fv2%2Fproduct_brand&post=75523"},{"taxonomy":"product_cat","embeddable":true,"href":"https:\/\/www.sekerciler.net\/index.php?rest_route=%2Fwp%2Fv2%2Fproduct_cat&post=75523"},{"taxonomy":"product_tag","embeddable":true,"href":"https:\/\/www.sekerciler.net\/index.php?rest_route=%2Fwp%2Fv2%2Fproduct_tag&post=75523"}],"curies":[{"name":"wp","href":"https:\/\/api.w.org\/{rel}","templated":true}]}}