{"id":75518,"date":"2025-08-26T00:01:29","date_gmt":"2025-08-25T21:01:29","guid":{"rendered":"https:\/\/www.sekerciler.net\/?post_type=product&#038;p=75518"},"modified":"2025-08-29T08:32:45","modified_gmt":"2025-08-29T05:32:45","slug":"honeymoon-corek-otu","status":"publish","type":"product","link":"https:\/\/www.sekerciler.net\/?product=honeymoon-corek-otu","title":{"rendered":"\u00c7\u00f6rek Otu Tohumu"},"content":{"rendered":"<p><span class=\"trx_addons_accent_bg\"><strong>Saklama Ko\u015fullar\u0131<\/strong>:<\/span> Serin ve 18-30 \u00b0C aras\u0131nda bir yerde saklay\u0131n\u0131z.<\/p>\n<p><span class=\"trx_addons_accent_bg\"><strong>Kullan\u0131m \u00d6nerisi<\/strong>:<\/span>\u00a0\u00c7orba ve salatalara 1 tatl\u0131 ka\u015f\u0131\u011f\u0131 kat\u0131larak g\u00fcnl\u00fck kullan\u0131l\u0131r.<\/p>\n<p>\u00dcr\u00fcn\u00fcm\u00fcz koruyucu madde i\u00e7ermez.<\/p>\n<p>250 gr<\/p>\n<p><strong>U.S. FDA registration NO:<\/strong> 12299971818<\/p>\n<p>Men\u015fei T\u00dcRK\u0130YE<\/p>\n<figure class=\"wp-block-table\">\n<table class=\"has-fixed-layout\">\n<tbody>\n<tr>\n<th style=\"text-align: center;\">ENERJ\u0130 ve BES\u0130N \u00d6\u011eELER\u0130<\/th>\n<th style=\"text-align: center;\">100 gr i\u00e7in<\/th>\n<\/tr>\n<tr>\n<td style=\"text-align: center;\">Enerji (ki)<\/td>\n<td style=\"text-align: center;\">344<\/td>\n<\/tr>\n<tr>\n<td style=\"text-align: center;\">Ya\u011f (gr)<\/td>\n<td style=\"text-align: center;\">15<\/td>\n<\/tr>\n<tr>\n<td style=\"text-align: center;\">Sodyum (mg)<\/td>\n<td style=\"text-align: center;\">88<\/td>\n<\/tr>\n<tr>\n<td style=\"text-align: center;\">B6 Vitamini (mg)<\/td>\n<td style=\"text-align: center;\">0,5<\/td>\n<\/tr>\n<tr>\n<td style=\"text-align: center;\">C Vitamini(mg)<\/td>\n<td style=\"text-align: center;\">21<\/td>\n<\/tr>\n<tr>\n<td style=\"text-align: center;\">Protein (gr)<\/td>\n<td style=\"text-align: center;\">16<\/td>\n<\/tr>\n<tr>\n<td style=\"text-align: center;\">A Vitamini (IU)<\/td>\n<td style=\"text-align: center;\">135<\/td>\n<\/tr>\n<\/tbody>\n<\/table>\n<\/figure>\n","protected":false},"excerpt":{"rendered":"<p><strong>Kolesterol\u00fc d\u00fc\u015f\u00fcr\u00fcr, karaci\u011fer sa\u011fl\u0131\u011f\u0131n\u0131 korur ve mide \u00fclseri ba\u015fta olmak \u00fczere sindirim sistemine yard\u0131mc\u0131 olur.<\/strong><\/p>\n<p><span class=\"trx_addons_accent_bg\"><strong>\u0130\u00e7indekiler<\/strong>:<\/span> \u00c7\u00f6rek Otu Tohumu.<\/p>\n","protected":false},"featured_media":75519,"comment_status":"open","ping_status":"closed","template":"","meta":[],"product_brand":[307],"product_cat":[304],"product_tag":[410],"class_list":{"0":"post-75518","1":"product","2":"type-product","3":"status-publish","4":"has-post-thumbnail","6":"product_brand-honeymoon","7":"product_cat-takviye-gida","8":"product_tag-corek-otu","10":"first","11":"instock","12":"shipping-taxable","13":"product-type-simple"},"_links":{"self":[{"href":"https:\/\/www.sekerciler.net\/index.php?rest_route=\/wp\/v2\/product\/75518","targetHints":{"allow":["GET"]}}],"collection":[{"href":"https:\/\/www.sekerciler.net\/index.php?rest_route=\/wp\/v2\/product"}],"about":[{"href":"https:\/\/www.sekerciler.net\/index.php?rest_route=\/wp\/v2\/types\/product"}],"replies":[{"embeddable":true,"href":"https:\/\/www.sekerciler.net\/index.php?rest_route=%2Fwp%2Fv2%2Fcomments&post=75518"}],"wp:featuredmedia":[{"embeddable":true,"href":"https:\/\/www.sekerciler.net\/index.php?rest_route=\/wp\/v2\/media\/75519"}],"wp:attachment":[{"href":"https:\/\/www.sekerciler.net\/index.php?rest_route=%2Fwp%2Fv2%2Fmedia&parent=75518"}],"wp:term":[{"taxonomy":"product_brand","embeddable":true,"href":"https:\/\/www.sekerciler.net\/index.php?rest_route=%2Fwp%2Fv2%2Fproduct_brand&post=75518"},{"taxonomy":"product_cat","embeddable":true,"href":"https:\/\/www.sekerciler.net\/index.php?rest_route=%2Fwp%2Fv2%2Fproduct_cat&post=75518"},{"taxonomy":"product_tag","embeddable":true,"href":"https:\/\/www.sekerciler.net\/index.php?rest_route=%2Fwp%2Fv2%2Fproduct_tag&post=75518"}],"curies":[{"name":"wp","href":"https:\/\/api.w.org\/{rel}","templated":true}]}}