{"id":75516,"date":"2025-08-25T23:59:14","date_gmt":"2025-08-25T20:59:14","guid":{"rendered":"https:\/\/www.sekerciler.net\/?post_type=product&#038;p=75516"},"modified":"2025-08-29T08:36:19","modified_gmt":"2025-08-29T05:36:19","slug":"honeymoon-corek-otu-yagi","status":"publish","type":"product","link":"https:\/\/www.sekerciler.net\/?product=honeymoon-corek-otu-yagi","title":{"rendered":"\u00c7\u00f6rek Otu Ya\u011f\u0131"},"content":{"rendered":"<p>Antienflematuar \u00f6zelli\u011fi ve i\u00e7erdi\u011fi bir\u00e7ok \u00f6nemli ya\u011f asidi sayesinde akne, egzama, sedef hastal\u0131\u011f\u0131 ve n\u00f6rodermatit hastal\u0131klar\u0131nda olumlu etki g\u00f6stermektedir. Biotin ve folik asit i\u00e7eri\u011finden dolay\u0131 \u00e7\u00f6rek otu ya\u011f\u0131 ile yap\u0131lan sa\u00e7 bak\u0131mlar\u0131 sa\u00e7\u0131 g\u00fc\u00e7lendirir ve parlakl\u0131k verir.<\/p>\n<p><span class=\"trx_addons_accent_bg\"><strong>Saklama Ko\u015fullar\u0131<\/strong>:<\/span> Serin ve 18-30 \u00b0C aras\u0131nda bir yerde saklay\u0131n\u0131z.<\/p>\n<p><strong><span class=\"trx_addons_accent_bg\">Kullan\u0131m \u00d6nerisi:<\/span><\/strong> 5ml kullan\u0131lmas\u0131 \u00f6nerilir.<\/p>\n<p>\u00dcr\u00fcn\u00fcm\u00fcz koruyucu madde i\u00e7ermez. So\u011fuk ve s\u0131cak kullan\u0131ma uygundur. Kapa\u011f\u0131 a\u00e7\u0131ld\u0131ktan sonra 60 g\u00fcn i\u00e7inde t\u00fcketilmesi \u00f6nerilir. So\u011fuk pres y\u00f6ntemi ile \u00fcretilmi\u015ftir<\/p>\n<p>100 ml<\/p>\n<p><strong>U.S. FDA registration NO:<\/strong> 12299971818<\/p>\n<p>Men\u015fei T\u00dcRK\u0130YE<\/p>\n<figure class=\"wp-block-table\">\n<table class=\"has-fixed-layout\">\n<tbody>\n<tr>\n<th style=\"text-align: center;\">ENERJ\u0130 ve BES\u0130N \u00d6\u011eELER\u0130<\/th>\n<th style=\"text-align: center;\">100 ml i\u00e7in<\/th>\n<\/tr>\n<tr>\n<td style=\"text-align: center;\">Enerji (ki)<\/td>\n<td style=\"text-align: center;\">3,331<\/td>\n<\/tr>\n<tr>\n<td style=\"text-align: center;\">Ya\u011f (gr)<\/td>\n<td style=\"text-align: center;\">90,1<\/td>\n<\/tr>\n<tr>\n<td style=\"text-align: center;\">\u0130stenilen Doymu\u015f Ya\u011f (gr)<\/td>\n<td style=\"text-align: center;\">12,6<\/td>\n<\/tr>\n<tr>\n<td style=\"text-align: center;\">\u00c7oklu Doymam\u0131\u015f Ya\u011f (gr)<\/td>\n<td style=\"text-align: center;\">51,7<\/td>\n<\/tr>\n<tr>\n<td style=\"text-align: center;\">Tekli Doymam\u0131\u015f Ya\u011f (gr)<\/td>\n<td style=\"text-align: center;\">23,7<\/td>\n<\/tr>\n<tr>\n<td style=\"text-align: center;\">Kolestrol (mg)<\/td>\n<td style=\"text-align: center;\">&lt;1<\/td>\n<\/tr>\n<tr>\n<td style=\"text-align: center;\">Sodyum (mg)<\/td>\n<td style=\"text-align: center;\">&lt;1<\/td>\n<\/tr>\n<\/tbody>\n<\/table>\n<\/figure>\n","protected":false},"excerpt":{"rendered":"<p><strong>Cilt hastal\u0131klar\u0131na iyi gelir ve sa\u00e7 bak\u0131m\u0131 i\u00e7in destekleyici bir \u00fcr\u00fcnd\u00fcr.<\/strong><\/p>\n<p><span class=\"trx_addons_accent_bg\"><strong>\u0130\u00e7indekiler<\/strong>:<\/span> %100 \u00c7\u00f6rek Otu Ya\u011f\u0131.<\/p>\n","protected":false},"featured_media":75517,"comment_status":"open","ping_status":"closed","template":"","meta":[],"product_brand":[307],"product_cat":[304],"product_tag":[410,412,411],"class_list":{"0":"post-75516","1":"product","2":"type-product","3":"status-publish","4":"has-post-thumbnail","6":"product_brand-honeymoon","7":"product_cat-takviye-gida","8":"product_tag-corek-otu","9":"product_tag-corek-otu-yagi","10":"product_tag-yag","12":"first","13":"instock","14":"shipping-taxable","15":"product-type-simple"},"_links":{"self":[{"href":"https:\/\/www.sekerciler.net\/index.php?rest_route=\/wp\/v2\/product\/75516","targetHints":{"allow":["GET"]}}],"collection":[{"href":"https:\/\/www.sekerciler.net\/index.php?rest_route=\/wp\/v2\/product"}],"about":[{"href":"https:\/\/www.sekerciler.net\/index.php?rest_route=\/wp\/v2\/types\/product"}],"replies":[{"embeddable":true,"href":"https:\/\/www.sekerciler.net\/index.php?rest_route=%2Fwp%2Fv2%2Fcomments&post=75516"}],"wp:featuredmedia":[{"embeddable":true,"href":"https:\/\/www.sekerciler.net\/index.php?rest_route=\/wp\/v2\/media\/75517"}],"wp:attachment":[{"href":"https:\/\/www.sekerciler.net\/index.php?rest_route=%2Fwp%2Fv2%2Fmedia&parent=75516"}],"wp:term":[{"taxonomy":"product_brand","embeddable":true,"href":"https:\/\/www.sekerciler.net\/index.php?rest_route=%2Fwp%2Fv2%2Fproduct_brand&post=75516"},{"taxonomy":"product_cat","embeddable":true,"href":"https:\/\/www.sekerciler.net\/index.php?rest_route=%2Fwp%2Fv2%2Fproduct_cat&post=75516"},{"taxonomy":"product_tag","embeddable":true,"href":"https:\/\/www.sekerciler.net\/index.php?rest_route=%2Fwp%2Fv2%2Fproduct_tag&post=75516"}],"curies":[{"name":"wp","href":"https:\/\/api.w.org\/{rel}","templated":true}]}}