{"id":75502,"date":"2025-08-25T23:31:54","date_gmt":"2025-08-25T20:31:54","guid":{"rendered":"https:\/\/www.sekerciler.net\/?post_type=product&#038;p=75502"},"modified":"2025-08-29T08:12:50","modified_gmt":"2025-08-29T05:12:50","slug":"honeymoon-balli-bitkisel-karisim-24lu","status":"publish","type":"product","link":"https:\/\/www.sekerciler.net\/?product=honeymoon-balli-bitkisel-karisim-24lu","title":{"rendered":"Ball\u0131 Bitkisel Kar\u0131\u015f\u0131m 24&#8217;l\u00fc"},"content":{"rendered":"<p><span class=\"trx_addons_accent_bg\"><strong>Saklama Ko\u015fullar\u0131<\/strong>:<\/span> G\u00fcne\u015f \u0131\u015f\u0131\u011f\u0131ndan uzakta, 18-30 \u00b0C aras\u0131nda serin yerde saklay\u0131n\u0131z.<\/p>\n<p><strong><span class=\"trx_addons_accent_bg\">Kullan\u0131m \u00d6nerisi:<\/span><\/strong> Hamile kad\u0131nlar ve 18 ya\u015f alt\u0131 \u00e7ocuklar i\u00e7in \u00f6nerilmez. \u0130htiya\u00e7 duyuldu\u011funda kullan\u0131lmas\u0131 tavsiye edilir.<\/p>\n<p>24 sa\u015fe x 15 gr = 360 gr<\/p>\n<p><strong>U.S. FDA registration NO:<\/strong> 12299971818<\/p>\n<p>Men\u015fei T\u00dcRK\u0130YE<\/p>\n<figure class=\"wp-block-table\">\n<table class=\"has-fixed-layout\">\n<tbody>\n<tr>\n<th style=\"text-align: center;\">ENERJ\u0130 ve BES\u0130N \u00d6\u011eELER\u0130<\/th>\n<th style=\"text-align: center;\">100 gr i\u00e7in<\/th>\n<\/tr>\n<tr>\n<td style=\"text-align: center;\">Enerji (ki\/kcal)<\/td>\n<td style=\"text-align: center;\">304<\/td>\n<\/tr>\n<tr>\n<td style=\"text-align: center;\">Karbonhidrat (gr)<\/td>\n<td style=\"text-align: center;\">82<\/td>\n<\/tr>\n<tr>\n<td style=\"text-align: center;\">Protein (gr)<\/td>\n<td style=\"text-align: center;\">0,3+<\/td>\n<\/tr>\n<tr>\n<td style=\"text-align: center;\">Lif (mg)<\/td>\n<td style=\"text-align: center;\">0,2<\/td>\n<\/tr>\n<tr>\n<td style=\"text-align: center;\">Potasyum (mg)<\/td>\n<td style=\"text-align: center;\">52<\/td>\n<\/tr>\n<tr>\n<td style=\"text-align: center;\">Sodyum (mg)<\/td>\n<td style=\"text-align: center;\">4<\/td>\n<\/tr>\n<\/tbody>\n<\/table>\n<\/figure>\n","protected":false},"excerpt":{"rendered":"<p><strong>Yan\u0131na Honeymoon&#8217;unu almay\u0131 unutanlar\u0131n ihtiyac\u0131n\u0131 giderecek tekli paket.<\/strong><\/p>\n<p><span class=\"trx_addons_accent_bg\"><strong>\u0130\u00e7indekiler<\/strong>:<\/span> <span class=\"trx_addons_tooltip\" data-tooltip-text=\"%30,01\">Pekmez<\/span>, <span class=\"trx_addons_tooltip\" data-tooltip-text=\"%61,81\">Fruktoz<\/span>, <span class=\"trx_addons_tooltip\" data-tooltip-text=\"%0,9\">Ferula<\/span>, <span class=\"trx_addons_tooltip\" data-tooltip-text=\"%0,22\">Galangal<\/span>, <span class=\"trx_addons_tooltip\" data-tooltip-text=\"%0,6\">Ginseng<\/span>, <span class=\"trx_addons_tooltip\" data-tooltip-text=\"%0,76\">Zencefil<\/span>, <span class=\"trx_addons_tooltip\" data-tooltip-text=\"%0,56\">Ke\u00e7iboynuzu Tozu<\/span>, <span class=\"trx_addons_tooltip\" data-tooltip-text=\"%0,63\">Is\u0131rgan Otu<\/span>, <span class=\"trx_addons_tooltip\" data-tooltip-text=\"%0,59\">Tar\u00e7\u0131n<\/span>, <span class=\"trx_addons_tooltip\" data-tooltip-text=\"%0,94\">\u00c7\u00f6rek Otu<\/span>, <span class=\"trx_addons_tooltip\" data-tooltip-text=\"%0,61\">Mor Fesle\u011fen Yapra\u011f\u0131<\/span>, <span class=\"trx_addons_tooltip\" data-tooltip-text=\"%0,14\">Salep<\/span>, <span class=\"trx_addons_tooltip\" data-tooltip-text=\"%0,42\">Zeytin Yapra\u011f\u0131<\/span>, <span class=\"trx_addons_tooltip\" data-tooltip-text=\"%0,56\">Gundelia Tournefortii<\/span>, <span class=\"trx_addons_tooltip\" data-tooltip-text=\"%0,35\">Mekke G\u00fcl\u00fc<\/span>, <span class=\"trx_addons_tooltip\" data-tooltip-text=\"%0,89\">Mersin Yapra\u011f\u0131<\/span>.<\/p>\n","protected":false},"featured_media":75503,"comment_status":"open","ping_status":"closed","template":"","meta":[],"product_brand":[307],"product_cat":[180],"product_tag":[400,401,402],"class_list":{"0":"post-75502","1":"product","2":"type-product","3":"status-publish","4":"has-post-thumbnail","6":"product_brand-honeymoon","7":"product_cat-bitkisel-karisim","8":"product_tag-bal","9":"product_tag-balli-bitkisel-karisim","10":"product_tag-macun","12":"first","13":"instock","14":"shipping-taxable","15":"product-type-simple"},"_links":{"self":[{"href":"https:\/\/www.sekerciler.net\/index.php?rest_route=\/wp\/v2\/product\/75502","targetHints":{"allow":["GET"]}}],"collection":[{"href":"https:\/\/www.sekerciler.net\/index.php?rest_route=\/wp\/v2\/product"}],"about":[{"href":"https:\/\/www.sekerciler.net\/index.php?rest_route=\/wp\/v2\/types\/product"}],"replies":[{"embeddable":true,"href":"https:\/\/www.sekerciler.net\/index.php?rest_route=%2Fwp%2Fv2%2Fcomments&post=75502"}],"wp:featuredmedia":[{"embeddable":true,"href":"https:\/\/www.sekerciler.net\/index.php?rest_route=\/wp\/v2\/media\/75503"}],"wp:attachment":[{"href":"https:\/\/www.sekerciler.net\/index.php?rest_route=%2Fwp%2Fv2%2Fmedia&parent=75502"}],"wp:term":[{"taxonomy":"product_brand","embeddable":true,"href":"https:\/\/www.sekerciler.net\/index.php?rest_route=%2Fwp%2Fv2%2Fproduct_brand&post=75502"},{"taxonomy":"product_cat","embeddable":true,"href":"https:\/\/www.sekerciler.net\/index.php?rest_route=%2Fwp%2Fv2%2Fproduct_cat&post=75502"},{"taxonomy":"product_tag","embeddable":true,"href":"https:\/\/www.sekerciler.net\/index.php?rest_route=%2Fwp%2Fv2%2Fproduct_tag&post=75502"}],"curies":[{"name":"wp","href":"https:\/\/api.w.org\/{rel}","templated":true}]}}