{"id":75485,"date":"2025-08-25T23:00:17","date_gmt":"2025-08-25T20:00:17","guid":{"rendered":"https:\/\/www.sekerciler.net\/?post_type=product&#038;p=75485"},"modified":"2025-09-19T20:12:56","modified_gmt":"2025-09-19T17:12:56","slug":"daze-frappe","status":"publish","type":"product","link":"https:\/\/www.sekerciler.net\/?product=daze-frappe","title":{"rendered":"Frappe"},"content":{"rendered":"<p><span class=\"trx_addons_accent_bg\"><strong>Haz\u0131rlan\u0131\u015f\u0131<\/strong>:<\/span> Blender haznesine 180 ml s\u00fct, 8-10 adet buz, 40g Milkshake tozu ekle! Ortalama 30 saniye kar\u0131\u015ft\u0131rd\u0131ktan sonra servis et!<\/p>\n<p>T\u00fcrk G\u0131da Kodeksi Alkols\u00fcz \u0130\u00e7ecekler Tebli\u011fi\u2019ne uygun olarak \u00fcretilmi\u015ftir. Men\u015fei T\u00dcRK\u0130YE<\/p>\n<figure class=\"wp-block-table\">\n<table class=\"has-fixed-layout\">\n<tbody>\n<tr>\n<th style=\"text-align: center;\">ENERJ\u0130 ve BES\u0130N \u00d6\u011eELER\u0130<\/th>\n<th style=\"text-align: center;\">100 gr i\u00e7in<\/th>\n<\/tr>\n<tr>\n<td style=\"text-align: center;\">Enerji (ki\/kcal)<\/td>\n<td style=\"text-align: center;\">1601\/378<\/td>\n<\/tr>\n<tr>\n<td style=\"text-align: center;\">Ya\u011f (gr)<\/td>\n<td style=\"text-align: center;\">4,7<\/td>\n<\/tr>\n<tr>\n<td style=\"text-align: center;\">Doymu\u015f Ya\u011f (gr)<\/td>\n<td style=\"text-align: center;\">2,5<\/td>\n<\/tr>\n<tr>\n<td style=\"text-align: center;\">Karbonhidrat (gr)<\/td>\n<td style=\"text-align: center;\">77<\/td>\n<\/tr>\n<tr>\n<td style=\"text-align: center;\">\u015eeker (gr)<\/td>\n<td style=\"text-align: center;\">63<\/td>\n<\/tr>\n<tr>\n<td style=\"text-align: center;\">Protein (gr)<\/td>\n<td style=\"text-align: center;\">5,7<\/td>\n<\/tr>\n<tr>\n<td style=\"text-align: center;\">Tuz (gr)<\/td>\n<td style=\"text-align: center;\">0,19<\/td>\n<\/tr>\n<\/tbody>\n<\/table>\n<\/figure>\n","protected":false},"excerpt":{"rendered":"<p><strong>Aromal\u0131 i\u00e7ecek tozlar\u0131 serimizden, baristalar i\u00e7in haz\u0131rland\u0131.<\/strong><\/p>\n<p><span class=\"trx_addons_accent_bg\"><strong>\u0130\u00e7indekiler<\/strong>:<\/span> \u015eeker, Ya\u011fs\u0131z S\u00fct Tozu*, \u00c7\u00f6z\u00fcnebilir Kahve (%6,67), Aroma Verici (Vanilya), <span class=\"trx_addons_tooltip\" data-tooltip-text=\"Guargam-E412\">K\u0131vam Art\u0131r\u0131c\u0131<\/span>, <span class=\"trx_addons_tooltip\" data-tooltip-text=\"Silikon Dioksit-E551\">Topaklanmay\u0131 \u00d6nleyici<\/span>, Tuz.<\/p>\n<p>*Alerjen etkisi olu\u015fturabilecek bile\u015fen.<\/p>\n","protected":false},"featured_media":75486,"comment_status":"open","ping_status":"closed","template":"","meta":[],"product_brand":[305],"product_cat":[290,289],"product_tag":[367,396,366],"class_list":{"0":"post-75485","1":"product","2":"type-product","3":"status-publish","4":"has-post-thumbnail","6":"product_brand-daze","7":"product_cat-barista-icecekler","8":"product_cat-soguk-toz-icecekler","9":"product_tag-aromali-icecek-tozu","10":"product_tag-frappe","11":"product_tag-icecek-tozu","13":"first","14":"instock","15":"shipping-taxable","16":"product-type-simple"},"_links":{"self":[{"href":"https:\/\/www.sekerciler.net\/index.php?rest_route=\/wp\/v2\/product\/75485","targetHints":{"allow":["GET"]}}],"collection":[{"href":"https:\/\/www.sekerciler.net\/index.php?rest_route=\/wp\/v2\/product"}],"about":[{"href":"https:\/\/www.sekerciler.net\/index.php?rest_route=\/wp\/v2\/types\/product"}],"replies":[{"embeddable":true,"href":"https:\/\/www.sekerciler.net\/index.php?rest_route=%2Fwp%2Fv2%2Fcomments&post=75485"}],"wp:featuredmedia":[{"embeddable":true,"href":"https:\/\/www.sekerciler.net\/index.php?rest_route=\/wp\/v2\/media\/75486"}],"wp:attachment":[{"href":"https:\/\/www.sekerciler.net\/index.php?rest_route=%2Fwp%2Fv2%2Fmedia&parent=75485"}],"wp:term":[{"taxonomy":"product_brand","embeddable":true,"href":"https:\/\/www.sekerciler.net\/index.php?rest_route=%2Fwp%2Fv2%2Fproduct_brand&post=75485"},{"taxonomy":"product_cat","embeddable":true,"href":"https:\/\/www.sekerciler.net\/index.php?rest_route=%2Fwp%2Fv2%2Fproduct_cat&post=75485"},{"taxonomy":"product_tag","embeddable":true,"href":"https:\/\/www.sekerciler.net\/index.php?rest_route=%2Fwp%2Fv2%2Fproduct_tag&post=75485"}],"curies":[{"name":"wp","href":"https:\/\/api.w.org\/{rel}","templated":true}]}}