{"id":75363,"date":"2025-08-25T20:12:26","date_gmt":"2025-08-25T17:12:26","guid":{"rendered":"https:\/\/www.sekerciler.net\/?post_type=product&#038;p=75363"},"modified":"2025-08-27T03:38:55","modified_gmt":"2025-08-27T00:38:55","slug":"daze-yesil-cay","status":"publish","type":"product","link":"https:\/\/www.sekerciler.net\/?product=daze-yesil-cay","title":{"rendered":"Ye\u015fil \u00c7ay"},"content":{"rendered":"<p><span class=\"trx_addons_accent_bg\"><strong>Haz\u0131rlan\u0131\u015f\u0131<\/strong>:<\/span> Kaynam\u0131\u015f ve en az 2 dk dinlenmi\u015f 200 ml s\u0131cak suya 5g bitki \u00e7ay\u0131 ekleyerek demle! 5-7 dk demledikten sonra servis et!<\/p>\n<p>T\u00fcrk G\u0131da Kodeksi Alkols\u00fcz \u0130\u00e7ecekler Tebli\u011fi\u2019ne uygun olarak \u00fcretilmi\u015ftir. Men\u015fei T\u00dcRK\u0130YE<\/p>\n<figure class=\"wp-block-table\">\n<table class=\"has-fixed-layout\">\n<tbody>\n<tr>\n<th style=\"text-align: center;\">ENERJ\u0130 ve BES\u0130N \u00d6\u011eELER\u0130<\/th>\n<th style=\"text-align: center;\">100 gr i\u00e7in<\/th>\n<\/tr>\n<tr>\n<td style=\"text-align: center;\">Enerji (ki\/kcal)<\/td>\n<td style=\"text-align: center;\">1601\/378<\/td>\n<\/tr>\n<tr>\n<td style=\"text-align: center;\">Ya\u011f (gr)<\/td>\n<td style=\"text-align: center;\">4,7<\/td>\n<\/tr>\n<tr>\n<td style=\"text-align: center;\">Doymu\u015f Ya\u011f (gr)<\/td>\n<td style=\"text-align: center;\">2,5<\/td>\n<\/tr>\n<tr>\n<td style=\"text-align: center;\">Karbonhidrat (gr)<\/td>\n<td style=\"text-align: center;\">77<\/td>\n<\/tr>\n<tr>\n<td style=\"text-align: center;\">\u015eeker (gr)<\/td>\n<td style=\"text-align: center;\">63<\/td>\n<\/tr>\n<tr>\n<td style=\"text-align: center;\">Protein (gr)<\/td>\n<td style=\"text-align: center;\">5,7<\/td>\n<\/tr>\n<tr>\n<td style=\"text-align: center;\">Tuz (gr)<\/td>\n<td style=\"text-align: center;\">0,19<\/td>\n<\/tr>\n<\/tbody>\n<\/table>\n<\/figure>\n","protected":false},"excerpt":{"rendered":"<p><strong>DAZE\u2122 Bitki \u00c7ay\u0131 serisinden.<\/strong><\/p>\n<p><span class=\"trx_addons_accent_bg\"><strong>\u0130\u00e7indekiler<\/strong>:<\/span>\u00a0Ye\u015fil \u00c7ay.<\/p>\n","protected":false},"featured_media":75364,"comment_status":"open","ping_status":"closed","template":"","meta":[],"product_brand":[305],"product_cat":[290,184],"product_tag":[338,339,363],"class_list":{"0":"post-75363","1":"product","2":"type-product","3":"status-publish","4":"has-post-thumbnail","6":"product_brand-daze","7":"product_cat-barista-icecekler","8":"product_cat-bitki-caylari","9":"product_tag-bitki-cayi","10":"product_tag-herbal-tea","11":"product_tag-yesil-cay","13":"first","14":"instock","15":"shipping-taxable","16":"product-type-simple"},"_links":{"self":[{"href":"https:\/\/www.sekerciler.net\/index.php?rest_route=\/wp\/v2\/product\/75363","targetHints":{"allow":["GET"]}}],"collection":[{"href":"https:\/\/www.sekerciler.net\/index.php?rest_route=\/wp\/v2\/product"}],"about":[{"href":"https:\/\/www.sekerciler.net\/index.php?rest_route=\/wp\/v2\/types\/product"}],"replies":[{"embeddable":true,"href":"https:\/\/www.sekerciler.net\/index.php?rest_route=%2Fwp%2Fv2%2Fcomments&post=75363"}],"wp:featuredmedia":[{"embeddable":true,"href":"https:\/\/www.sekerciler.net\/index.php?rest_route=\/wp\/v2\/media\/75364"}],"wp:attachment":[{"href":"https:\/\/www.sekerciler.net\/index.php?rest_route=%2Fwp%2Fv2%2Fmedia&parent=75363"}],"wp:term":[{"taxonomy":"product_brand","embeddable":true,"href":"https:\/\/www.sekerciler.net\/index.php?rest_route=%2Fwp%2Fv2%2Fproduct_brand&post=75363"},{"taxonomy":"product_cat","embeddable":true,"href":"https:\/\/www.sekerciler.net\/index.php?rest_route=%2Fwp%2Fv2%2Fproduct_cat&post=75363"},{"taxonomy":"product_tag","embeddable":true,"href":"https:\/\/www.sekerciler.net\/index.php?rest_route=%2Fwp%2Fv2%2Fproduct_tag&post=75363"}],"curies":[{"name":"wp","href":"https:\/\/api.w.org\/{rel}","templated":true}]}}