{"id":75328,"date":"2025-08-25T19:42:44","date_gmt":"2025-08-25T16:42:44","guid":{"rendered":"https:\/\/www.sekerciler.net\/?post_type=product&#038;p=75328"},"modified":"2025-08-25T19:43:32","modified_gmt":"2025-08-25T16:43:32","slug":"limonice-cilekli-limonata-ozutu","status":"publish","type":"product","link":"https:\/\/www.sekerciler.net\/?product=limonice-cilekli-limonata-ozutu","title":{"rendered":"Limonice \u00c7ilekli Limonata \u00d6z\u00fct\u00fc"},"content":{"rendered":"<p><strong><span class=\"trx_addons_accent_bg\">Haz\u0131rlama ve Servis:<\/span><\/strong> <span class=\"trx_addons_tooltip\" data-tooltip-text=\"2 litre\">1 \u00f6l\u00e7ek<\/span> \u00fcr\u00fcne; <span class=\"trx_addons_tooltip\" data-tooltip-text=\"8 litre\">4 \u00f6l\u00e7ek<\/span> i\u00e7me suyu eklenerek ve kar\u0131\u015ft\u0131r\u0131larak so\u011fuk t\u00fcketilir.<\/p>\n<p><span class=\"trx_addons_accent_bg\"><strong>Saklama Ko\u015fullar\u0131<\/strong>:<\/span> -18 \u00b0C\u2019de muhafaza edilmelidir. \u00dcr\u00fcn \u00e7\u00f6z\u00fcnd\u00fcr\u00fcld\u00fckten sonra tekrar dondurulmamal\u0131d\u0131r. + 4 \u00b0C\u2019de muhafaza edilerek kapa\u011f\u0131 a\u00e7\u0131lmadan 15 g\u00fcn, a\u00e7\u0131ld\u0131ktan ve suland\u0131r\u0131ld\u0131ktan sonra 5 g\u00fcn i\u00e7erisinde t\u00fcketilmelidir.<\/p>\n<figure class=\"wp-block-table\">\n<table class=\"has-fixed-layout\">\n<tbody>\n<tr>\n<th style=\"text-align: center;\">ENERJ\u0130 ve BES\u0130N \u00d6\u011eELER\u0130<\/th>\n<th style=\"text-align: center;\">100 ml i\u00e7in<\/th>\n<\/tr>\n<tr>\n<td style=\"text-align: center;\">Enerji (ki\/kcal)<\/td>\n<td style=\"text-align: center;\">55<\/td>\n<\/tr>\n<tr>\n<td style=\"text-align: center;\">\u015eeker (gr)<\/td>\n<td style=\"text-align: center;\">9,8<\/td>\n<\/tr>\n<tr>\n<td style=\"text-align: center;\">Ya\u011f (gr)<\/td>\n<td style=\"text-align: center;\">0,14<\/td>\n<\/tr>\n<tr>\n<td style=\"text-align: center;\">Karbonhidrat (gr)<\/td>\n<td style=\"text-align: center;\">12<\/td>\n<\/tr>\n<tr>\n<td style=\"text-align: center;\">Protein (gr)<\/td>\n<td style=\"text-align: center;\">0,4<\/td>\n<\/tr>\n<tr>\n<td style=\"text-align: center;\">Doymu\u015f Ya\u011f (gr)<\/td>\n<td style=\"text-align: center;\">0,08<\/td>\n<\/tr>\n<tr>\n<td style=\"text-align: center;\">Tuz (mg)<\/td>\n<td style=\"text-align: center;\">0,0<\/td>\n<\/tr>\n<\/tbody>\n<\/table>\n<\/figure>\n","protected":false},"excerpt":{"rendered":"<p><strong>Ev yap\u0131m\u0131 tad\u0131nda, konsantre \u00fcr\u00fcn.<\/strong><\/p>\n<p><span class=\"trx_addons_accent_bg\"><strong>\u0130\u00e7indekiler<\/strong>:<\/span> Limon Suyu, Portakal Suyu, \u015eeker, \u00c7ilek P\u00fcresi, Kara Havu\u00e7 Suyu.<\/p>\n","protected":false},"featured_media":75329,"comment_status":"open","ping_status":"closed","template":"","meta":[],"product_brand":[306],"product_cat":[288],"product_tag":[335,336,324,316,318],"class_list":{"0":"post-75328","1":"product","2":"type-product","3":"status-publish","4":"has-post-thumbnail","6":"product_brand-limonice","7":"product_cat-meyve-suyu","8":"product_tag-cilek","9":"product_tag-cilekli-limonata","10":"product_tag-limon","11":"product_tag-limonata","12":"product_tag-meyve-suyu","14":"first","15":"instock","16":"shipping-taxable","17":"product-type-simple"},"_links":{"self":[{"href":"https:\/\/www.sekerciler.net\/index.php?rest_route=\/wp\/v2\/product\/75328","targetHints":{"allow":["GET"]}}],"collection":[{"href":"https:\/\/www.sekerciler.net\/index.php?rest_route=\/wp\/v2\/product"}],"about":[{"href":"https:\/\/www.sekerciler.net\/index.php?rest_route=\/wp\/v2\/types\/product"}],"replies":[{"embeddable":true,"href":"https:\/\/www.sekerciler.net\/index.php?rest_route=%2Fwp%2Fv2%2Fcomments&post=75328"}],"wp:featuredmedia":[{"embeddable":true,"href":"https:\/\/www.sekerciler.net\/index.php?rest_route=\/wp\/v2\/media\/75329"}],"wp:attachment":[{"href":"https:\/\/www.sekerciler.net\/index.php?rest_route=%2Fwp%2Fv2%2Fmedia&parent=75328"}],"wp:term":[{"taxonomy":"product_brand","embeddable":true,"href":"https:\/\/www.sekerciler.net\/index.php?rest_route=%2Fwp%2Fv2%2Fproduct_brand&post=75328"},{"taxonomy":"product_cat","embeddable":true,"href":"https:\/\/www.sekerciler.net\/index.php?rest_route=%2Fwp%2Fv2%2Fproduct_cat&post=75328"},{"taxonomy":"product_tag","embeddable":true,"href":"https:\/\/www.sekerciler.net\/index.php?rest_route=%2Fwp%2Fv2%2Fproduct_tag&post=75328"}],"curies":[{"name":"wp","href":"https:\/\/api.w.org\/{rel}","templated":true}]}}