{"id":75321,"date":"2025-08-25T18:08:05","date_gmt":"2025-08-25T15:08:05","guid":{"rendered":"https:\/\/www.sekerciler.net\/?post_type=product&#038;p=75321"},"modified":"2025-09-29T12:34:03","modified_gmt":"2025-09-29T09:34:03","slug":"daze-limonata","status":"publish","type":"product","link":"https:\/\/www.sekerciler.net\/?product=daze-limonata","title":{"rendered":"Limonata"},"content":{"rendered":"<p><span class=\"trx_addons_accent_bg\"><strong>Saklama Ko\u015fullar\u0131<\/strong>:<\/span> + 4 \u00b0C\u2019de muhafaza edilerek 15 g\u00fcn i\u00e7erisinde t\u00fcketilmelidir.<\/p>\n<figure class=\"wp-block-table\">\n<table class=\"has-fixed-layout\">\n<tbody>\n<tr>\n<th style=\"text-align: center;\">ENERJ\u0130 ve BES\u0130N \u00d6\u011eELER\u0130<\/th>\n<th style=\"text-align: center;\">100 ml i\u00e7in<\/th>\n<\/tr>\n<tr>\n<td style=\"text-align: center;\">Enerji (ki\/kcal)<\/td>\n<td style=\"text-align: center;\">50<\/td>\n<\/tr>\n<tr>\n<td style=\"text-align: center;\">Protein (gr)<\/td>\n<td style=\"text-align: center;\">0,6<\/td>\n<\/tr>\n<tr>\n<td style=\"text-align: center;\">Karbonhidrat (gr)<\/td>\n<td style=\"text-align: center;\">10,9<\/td>\n<\/tr>\n<tr>\n<td style=\"text-align: center;\">Ya\u011f (gr)<\/td>\n<td style=\"text-align: center;\">0,21<\/td>\n<\/tr>\n<\/tbody>\n<\/table>\n<\/figure>\n","protected":false},"excerpt":{"rendered":"<p><strong>\u0130\u00e7meye haz\u0131r.<\/strong><\/p>\n<p><span class=\"trx_addons_accent_bg\"><strong>\u0130\u00e7indekiler<\/strong>:<\/span> Limon Suyu, Portakal Suyu, \u015eeker, Su.<\/p>\n","protected":false},"featured_media":75322,"comment_status":"open","ping_status":"closed","template":"","meta":[],"product_brand":[305],"product_cat":[288],"product_tag":[324,316,318],"class_list":{"0":"post-75321","1":"product","2":"type-product","3":"status-publish","4":"has-post-thumbnail","6":"product_brand-daze","7":"product_cat-meyve-suyu","8":"product_tag-limon","9":"product_tag-limonata","10":"product_tag-meyve-suyu","12":"first","13":"instock","14":"shipping-taxable","15":"product-type-simple"},"_links":{"self":[{"href":"https:\/\/www.sekerciler.net\/index.php?rest_route=\/wp\/v2\/product\/75321","targetHints":{"allow":["GET"]}}],"collection":[{"href":"https:\/\/www.sekerciler.net\/index.php?rest_route=\/wp\/v2\/product"}],"about":[{"href":"https:\/\/www.sekerciler.net\/index.php?rest_route=\/wp\/v2\/types\/product"}],"replies":[{"embeddable":true,"href":"https:\/\/www.sekerciler.net\/index.php?rest_route=%2Fwp%2Fv2%2Fcomments&post=75321"}],"wp:featuredmedia":[{"embeddable":true,"href":"https:\/\/www.sekerciler.net\/index.php?rest_route=\/wp\/v2\/media\/75322"}],"wp:attachment":[{"href":"https:\/\/www.sekerciler.net\/index.php?rest_route=%2Fwp%2Fv2%2Fmedia&parent=75321"}],"wp:term":[{"taxonomy":"product_brand","embeddable":true,"href":"https:\/\/www.sekerciler.net\/index.php?rest_route=%2Fwp%2Fv2%2Fproduct_brand&post=75321"},{"taxonomy":"product_cat","embeddable":true,"href":"https:\/\/www.sekerciler.net\/index.php?rest_route=%2Fwp%2Fv2%2Fproduct_cat&post=75321"},{"taxonomy":"product_tag","embeddable":true,"href":"https:\/\/www.sekerciler.net\/index.php?rest_route=%2Fwp%2Fv2%2Fproduct_tag&post=75321"}],"curies":[{"name":"wp","href":"https:\/\/api.w.org\/{rel}","templated":true}]}}